{"id":69,"date":"2022-04-27T15:12:03","date_gmt":"2022-04-27T13:12:03","guid":{"rendered":"http:\/\/positif94.fr\/?page_id=69"},"modified":"2022-04-29T13:33:57","modified_gmt":"2022-04-29T11:33:57","slug":"le-studio","status":"publish","type":"page","link":"https:\/\/positif94.fr\/index.php\/le-studio\/","title":{"rendered":"Le Studio"},"content":{"rendered":"\n<p class=\"has-drop-cap has-medium-font-size\">Le Studio photographique est une de nos activit\u00e9s, que nous r\u00e9alisons dans nos locaux.<br>Nous y cr\u00e9ons des portraits, de la nature morte, des portraits de famille,\u2026<\/p>\n\n\n\n<figure class=\"wp-block-image size-large\"><img loading=\"lazy\" decoding=\"async\" width=\"1024\" height=\"1024\" src=\"http:\/\/positif94.fr\/wp-content\/uploads\/2022\/04\/IMG_20210213_174755_970-1024x1024.jpg\" alt=\"\" class=\"wp-image-144\" srcset=\"https:\/\/positif94.fr\/wp-content\/uploads\/2022\/04\/IMG_20210213_174755_970-1024x1024.jpg 1024w, https:\/\/positif94.fr\/wp-content\/uploads\/2022\/04\/IMG_20210213_174755_970-300x300.jpg 300w, https:\/\/positif94.fr\/wp-content\/uploads\/2022\/04\/IMG_20210213_174755_970-150x150.jpg 150w, https:\/\/positif94.fr\/wp-content\/uploads\/2022\/04\/IMG_20210213_174755_970-768x768.jpg 768w, https:\/\/positif94.fr\/wp-content\/uploads\/2022\/04\/IMG_20210213_174755_970.jpg 1080w\" sizes=\"auto, (max-width: 1024px) 100vw, 1024px\" \/><\/figure>\n\n\n\n<figure class=\"wp-block-gallery has-nested-images columns-default is-cropped wp-block-gallery-1 is-layout-flex wp-block-gallery-is-layout-flex\">\n<figure class=\"wp-block-image size-large\"><img decoding=\"async\" data-id=\"146\" src=\"http:\/\/positif94.fr\/wp-content\/uploads\/2022\/04\/IMG_20210214_171547-1-768x1024.jpg\" alt=\"\" class=\"wp-image-146\"\/><\/figure>\n\n\n\n<figure class=\"wp-block-image size-large\"><img loading=\"lazy\" decoding=\"async\" width=\"2048\" height=\"2560\" data-id=\"145\" src=\"http:\/\/positif94.fr\/wp-content\/uploads\/2022\/04\/IMG_20210219_115836_838-scaled.jpg\" alt=\"\" class=\"wp-image-145\" srcset=\"https:\/\/positif94.fr\/wp-content\/uploads\/2022\/04\/IMG_20210219_115836_838-scaled.jpg 2048w, https:\/\/positif94.fr\/wp-content\/uploads\/2022\/04\/IMG_20210219_115836_838-240x300.jpg 240w, https:\/\/positif94.fr\/wp-content\/uploads\/2022\/04\/IMG_20210219_115836_838-819x1024.jpg 819w, https:\/\/positif94.fr\/wp-content\/uploads\/2022\/04\/IMG_20210219_115836_838-768x960.jpg 768w, https:\/\/positif94.fr\/wp-content\/uploads\/2022\/04\/IMG_20210219_115836_838-1229x1536.jpg 1229w, https:\/\/positif94.fr\/wp-content\/uploads\/2022\/04\/IMG_20210219_115836_838-1638x2048.jpg 1638w\" sizes=\"auto, (max-width: 2048px) 100vw, 2048px\" \/><\/figure>\n<\/figure>\n","protected":false},"excerpt":{"rendered":"<p>Le Studio photographique est une de nos activit\u00e9s, que nous r\u00e9alisons dans nos locaux.Nous y cr\u00e9ons des portraits, de la nature morte, des portraits de famille,\u2026<\/p>\n","protected":false},"author":1,"featured_media":0,"parent":0,"menu_order":0,"comment_status":"closed","ping_status":"closed","template":"","meta":{"footnotes":""},"class_list":["post-69","page","type-page","status-publish","hentry"],"_links":{"self":[{"href":"https:\/\/positif94.fr\/index.php\/wp-json\/wp\/v2\/pages\/69","targetHints":{"allow":["GET"]}}],"collection":[{"href":"https:\/\/positif94.fr\/index.php\/wp-json\/wp\/v2\/pages"}],"about":[{"href":"https:\/\/positif94.fr\/index.php\/wp-json\/wp\/v2\/types\/page"}],"author":[{"embeddable":true,"href":"https:\/\/positif94.fr\/index.php\/wp-json\/wp\/v2\/users\/1"}],"replies":[{"embeddable":true,"href":"https:\/\/positif94.fr\/index.php\/wp-json\/wp\/v2\/comments?post=69"}],"version-history":[{"count":5,"href":"https:\/\/positif94.fr\/index.php\/wp-json\/wp\/v2\/pages\/69\/revisions"}],"predecessor-version":[{"id":247,"href":"https:\/\/positif94.fr\/index.php\/wp-json\/wp\/v2\/pages\/69\/revisions\/247"}],"wp:attachment":[{"href":"https:\/\/positif94.fr\/index.php\/wp-json\/wp\/v2\/media?parent=69"}],"curies":[{"name":"wp","href":"https:\/\/api.w.org\/{rel}","templated":true}]}}