{"id":57,"date":"2022-04-27T14:35:03","date_gmt":"2022-04-27T12:35:03","guid":{"rendered":"http:\/\/positif94.fr\/?page_id=57"},"modified":"2022-04-29T13:37:32","modified_gmt":"2022-04-29T11:37:32","slug":"nos-activites","status":"publish","type":"page","link":"https:\/\/positif94.fr\/index.php\/nos-activites\/","title":{"rendered":"Sortie Photographique:"},"content":{"rendered":"\n<div class=\"wp-block-image\"><figure class=\"alignleft size-large is-resized\"><img loading=\"lazy\" decoding=\"async\" src=\"http:\/\/positif94.fr\/wp-content\/uploads\/2022\/04\/DSCF3782-683x1024.jpg\" alt=\"\" class=\"wp-image-35\" width=\"310\" height=\"471\"\/><\/figure><\/div>\n\n\n\n<p class=\"has-drop-cap has-medium-font-size\">Nos sorties photographiques sont organis\u00e9es par nos adh\u00e9rents pour nos adh\u00e9rents. Ces sorties peuvent \u00eatre une exposition photographique, dans les rues de Paris, dans les rues de Vitry-sur-Seine, ou autres lieux\u2026 C&#8217;est au choix de son organisateur.<\/p>\n","protected":false},"excerpt":{"rendered":"<p>Nos sorties photographiques sont organis\u00e9es par nos adh\u00e9rents pour nos adh\u00e9rents. Ces sorties peuvent \u00eatre une exposition photographique, dans les rues de Paris, dans les rues de Vitry-sur-Seine, ou autres lieux\u2026 C&#8217;est au choix de son organisateur.<\/p>\n","protected":false},"author":1,"featured_media":0,"parent":0,"menu_order":0,"comment_status":"closed","ping_status":"closed","template":"","meta":{"footnotes":""},"class_list":["post-57","page","type-page","status-publish","hentry"],"_links":{"self":[{"href":"https:\/\/positif94.fr\/index.php\/wp-json\/wp\/v2\/pages\/57","targetHints":{"allow":["GET"]}}],"collection":[{"href":"https:\/\/positif94.fr\/index.php\/wp-json\/wp\/v2\/pages"}],"about":[{"href":"https:\/\/positif94.fr\/index.php\/wp-json\/wp\/v2\/types\/page"}],"author":[{"embeddable":true,"href":"https:\/\/positif94.fr\/index.php\/wp-json\/wp\/v2\/users\/1"}],"replies":[{"embeddable":true,"href":"https:\/\/positif94.fr\/index.php\/wp-json\/wp\/v2\/comments?post=57"}],"version-history":[{"count":4,"href":"https:\/\/positif94.fr\/index.php\/wp-json\/wp\/v2\/pages\/57\/revisions"}],"predecessor-version":[{"id":250,"href":"https:\/\/positif94.fr\/index.php\/wp-json\/wp\/v2\/pages\/57\/revisions\/250"}],"wp:attachment":[{"href":"https:\/\/positif94.fr\/index.php\/wp-json\/wp\/v2\/media?parent=57"}],"curies":[{"name":"wp","href":"https:\/\/api.w.org\/{rel}","templated":true}]}}