{"id":199,"date":"2022-04-28T18:11:40","date_gmt":"2022-04-28T16:11:40","guid":{"rendered":"http:\/\/positif94.fr\/?page_id=199"},"modified":"2022-04-29T13:32:52","modified_gmt":"2022-04-29T11:32:52","slug":"activites","status":"publish","type":"page","link":"https:\/\/positif94.fr\/index.php\/activites\/","title":{"rendered":"Activit\u00e9s"},"content":{"rendered":"\n<p class=\"has-medium-font-size\">Pour faire vivre notre passion de la photographie, nous avons diverses activit\u00e9s. <\/p>\n\n\n\n<p class=\"has-medium-font-size\">Chaque adh\u00e9rent de l&#8217;association a un acc\u00e8s \u00e0 toutes les activit\u00e9s et y participe.<\/p>\n\n\n\n<p class=\"has-medium-font-size\">L&#8217;adh\u00e9rent peut \u00eatre \u00e9galement l&#8217;auteur de ces activit\u00e9s.                                                         &#8211; Le studio                                                                                                                                    &#8211; L&#8217;argentique                                                                                                                              &#8211; Sortie Photo<\/p>\n","protected":false},"excerpt":{"rendered":"<p>Pour faire vivre notre passion de la photographie, nous avons diverses activit\u00e9s. Chaque adh\u00e9rent de l&#8217;association a un acc\u00e8s \u00e0 toutes les activit\u00e9s et y participe. L&#8217;adh\u00e9rent peut \u00eatre \u00e9galement l&#8217;auteur de ces activit\u00e9s. &#8211; Le studio &#8211; L&#8217;argentique &#8211; &hellip; <a href=\"https:\/\/positif94.fr\/index.php\/activites\/\">Continue reading <span class=\"meta-nav\">&rarr;<\/span><\/a><\/p>\n","protected":false},"author":1,"featured_media":0,"parent":0,"menu_order":0,"comment_status":"closed","ping_status":"closed","template":"","meta":{"footnotes":""},"class_list":["post-199","page","type-page","status-publish","hentry"],"_links":{"self":[{"href":"https:\/\/positif94.fr\/index.php\/wp-json\/wp\/v2\/pages\/199","targetHints":{"allow":["GET"]}}],"collection":[{"href":"https:\/\/positif94.fr\/index.php\/wp-json\/wp\/v2\/pages"}],"about":[{"href":"https:\/\/positif94.fr\/index.php\/wp-json\/wp\/v2\/types\/page"}],"author":[{"embeddable":true,"href":"https:\/\/positif94.fr\/index.php\/wp-json\/wp\/v2\/users\/1"}],"replies":[{"embeddable":true,"href":"https:\/\/positif94.fr\/index.php\/wp-json\/wp\/v2\/comments?post=199"}],"version-history":[{"count":2,"href":"https:\/\/positif94.fr\/index.php\/wp-json\/wp\/v2\/pages\/199\/revisions"}],"predecessor-version":[{"id":246,"href":"https:\/\/positif94.fr\/index.php\/wp-json\/wp\/v2\/pages\/199\/revisions\/246"}],"wp:attachment":[{"href":"https:\/\/positif94.fr\/index.php\/wp-json\/wp\/v2\/media?parent=199"}],"curies":[{"name":"wp","href":"https:\/\/api.w.org\/{rel}","templated":true}]}}